{"id":210,"date":"2025-07-15T20:27:26","date_gmt":"2025-07-15T20:27:26","guid":{"rendered":"https:\/\/albaparts.al\/?page_id=210"},"modified":"2025-07-16T14:11:48","modified_gmt":"2025-07-16T14:11:48","slug":"makinat","status":"publish","type":"page","link":"https:\/\/albaparts.al\/en\/makinat\/","title":{"rendered":"Services"},"content":{"rendered":"<div data-elementor-type=\"wp-page\" data-elementor-id=\"210\" class=\"elementor elementor-210\" data-elementor-post-type=\"page\">\n\t\t\t\t\t\t<section class=\"elementor-section elementor-top-section elementor-element elementor-element-6ba81503 elementor-section-boxed elementor-section-height-default elementor-section-height-default\" data-id=\"6ba81503\" data-element_type=\"section\">\n\t\t\t\t\t\t<div class=\"elementor-container elementor-column-gap-default\">\n\t\t\t\t\t<div class=\"elementor-column elementor-col-100 elementor-top-column elementor-element elementor-element-47eabef1\" data-id=\"47eabef1\" data-element_type=\"column\">\n\t\t\t<div class=\"elementor-widget-wrap elementor-element-populated\">\n\t\t\t\t\t\t<div class=\"elementor-element elementor-element-1bf8f0cf elementor-invisible elementor-widget elementor-widget-heading\" data-id=\"1bf8f0cf\" data-element_type=\"widget\" data-settings=\"{&quot;_animation&quot;:&quot;fadeInUp&quot;}\" data-widget_type=\"heading.default\">\n\t\t\t\t\t<h2 class=\"elementor-heading-title elementor-size-default\">Various Spare Parts<\/h2>\t\t\t\t<\/div>\n\t\t\t\t<div class=\"elementor-element elementor-element-49d289d2 elementor-widget elementor-widget-heading\" data-id=\"49d289d2\" data-element_type=\"widget\" data-widget_type=\"heading.default\">\n\t\t\t\t\t<h2 class=\"elementor-heading-title elementor-size-default\">Trucks | Trailers | Buses<\/h2>\t\t\t\t<\/div>\n\t\t\t\t<div class=\"elementor-element elementor-element-5fbec17d elementor-widget__width-initial elementor-widget-mobile__width-inherit elementor-widget elementor-widget-text-editor\" data-id=\"5fbec17d\" data-element_type=\"widget\" data-widget_type=\"text-editor.default\">\n\t\t\t\t\t\t\t\t\t<p><strong data-start=\"165\" data-end=\"184\">Alba Parts shpk<\/strong> is an Albanian company headquartered in Tirana, founded in 2017, with the mission of bringing a new standard to the spare parts market for <strong data-start=\"340\" data-end=\"383\">heavy vehicles and transport vehicles.<\/strong>.<\/p>\t\t\t\t\t\t\t\t<\/div>\n\t\t\t\t<div class=\"elementor-element elementor-element-075771b elementor-posts--align-center elementor-grid-3 elementor-grid-tablet-2 elementor-grid-mobile-1 elementor-posts--thumbnail-top elementor-card-shadow-yes elementor-posts__hover-gradient elementor-widget elementor-widget-posts\" data-id=\"075771b\" data-element_type=\"widget\" data-settings=\"{&quot;cards_columns&quot;:&quot;3&quot;,&quot;cards_columns_tablet&quot;:&quot;2&quot;,&quot;cards_columns_mobile&quot;:&quot;1&quot;,&quot;cards_row_gap&quot;:{&quot;unit&quot;:&quot;px&quot;,&quot;size&quot;:35,&quot;sizes&quot;:[]},&quot;cards_row_gap_tablet&quot;:{&quot;unit&quot;:&quot;px&quot;,&quot;size&quot;:&quot;&quot;,&quot;sizes&quot;:[]},&quot;cards_row_gap_mobile&quot;:{&quot;unit&quot;:&quot;px&quot;,&quot;size&quot;:&quot;&quot;,&quot;sizes&quot;:[]}}\" data-widget_type=\"posts.cards\">\n\t\t\t\t<div class=\"elementor-widget-container\">\n\t\t\t\t\t\t\t<div class=\"elementor-posts-container elementor-posts elementor-posts--skin-cards elementor-grid\" role=\"list\">\n\t\t\t\t<article class=\"elementor-post elementor-grid-item post-555 page type-page status-publish has-post-thumbnail hentry\" role=\"listitem\">\n\t\t\t<div class=\"elementor-post__card\">\n\t\t\t\t<a class=\"elementor-post__thumbnail__link\" href=\"https:\/\/albaparts.al\/en\/pjese-kembimi-per-autobus\/\" tabindex=\"-1\" target=\"_blank\"><div class=\"elementor-post__thumbnail\"><img fetchpriority=\"high\" decoding=\"async\" width=\"500\" height=\"281\" src=\"https:\/\/albaparts.al\/wp-content\/uploads\/2025\/07\/Pjese-kembimi-per-autobuzetirane-albaparts-cover.png\" class=\"attachment-full size-full wp-image-802\" alt=\"\" srcset=\"https:\/\/albaparts.al\/wp-content\/uploads\/2025\/07\/Pjese-kembimi-per-autobuzetirane-albaparts-cover.png 500w, https:\/\/albaparts.al\/wp-content\/uploads\/2025\/07\/Pjese-kembimi-per-autobuzetirane-albaparts-cover-300x169.png 300w\" sizes=\"(max-width: 500px) 100vw, 500px\" \/><\/div><\/a>\n\t\t\t\t<div class=\"elementor-post__text\">\n\t\t\t\t<h3 class=\"elementor-post__title\">\n\t\t\t<a href=\"https:\/\/albaparts.al\/en\/pjese-kembimi-per-autobus\/\" target=\"&quot;_blank&quot;\">\n\t\t\t\tSpare Parts for Buses\t\t\t<\/a>\n\t\t<\/h3>\n\t\t\n\t\t<a class=\"elementor-post__read-more\" href=\"https:\/\/albaparts.al\/en\/pjese-kembimi-per-autobus\/\" aria-label=\"Read more about Pjese kembimi per Autobus\" tabindex=\"-1\" target=\"_blank\">\n\t\t\tSee Details \u00bb\t\t<\/a>\n\n\t\t\t\t<\/div>\n\t\t\t\t\t<\/div>\n\t\t<\/article>\n\t\t\t\t<article class=\"elementor-post elementor-grid-item post-542 page type-page status-publish has-post-thumbnail hentry\" role=\"listitem\">\n\t\t\t<div class=\"elementor-post__card\">\n\t\t\t\t<a class=\"elementor-post__thumbnail__link\" href=\"https:\/\/albaparts.al\/en\/pjese-kembimi-per-trailer\/\" tabindex=\"-1\" target=\"_blank\"><div class=\"elementor-post__thumbnail\"><img decoding=\"async\" width=\"500\" height=\"279\" src=\"https:\/\/albaparts.al\/wp-content\/uploads\/2025\/07\/Pjese-kembimi-per-trailer-tirane.png\" class=\"attachment-full size-full wp-image-810\" alt=\"\" srcset=\"https:\/\/albaparts.al\/wp-content\/uploads\/2025\/07\/Pjese-kembimi-per-trailer-tirane.png 500w, https:\/\/albaparts.al\/wp-content\/uploads\/2025\/07\/Pjese-kembimi-per-trailer-tirane-300x167.png 300w\" sizes=\"(max-width: 500px) 100vw, 500px\" \/><\/div><\/a>\n\t\t\t\t<div class=\"elementor-post__text\">\n\t\t\t\t<h3 class=\"elementor-post__title\">\n\t\t\t<a href=\"https:\/\/albaparts.al\/en\/pjese-kembimi-per-trailer\/\" target=\"&quot;_blank&quot;\">\n\t\t\t\tSpare Parts for Trailers\t\t\t<\/a>\n\t\t<\/h3>\n\t\t\n\t\t<a class=\"elementor-post__read-more\" href=\"https:\/\/albaparts.al\/en\/pjese-kembimi-per-trailer\/\" aria-label=\"Read more about Pjese Kembimi per Trailer\" tabindex=\"-1\" target=\"_blank\">\n\t\t\tSee Details \u00bb\t\t<\/a>\n\n\t\t\t\t<\/div>\n\t\t\t\t\t<\/div>\n\t\t<\/article>\n\t\t\t\t<article class=\"elementor-post elementor-grid-item post-251 page type-page status-publish has-post-thumbnail hentry\" role=\"listitem\">\n\t\t\t<div class=\"elementor-post__card\">\n\t\t\t\t<a class=\"elementor-post__thumbnail__link\" href=\"https:\/\/albaparts.al\/en\/makinat\/pjese-kembimi-per-kamione\/\" tabindex=\"-1\" target=\"_blank\"><div class=\"elementor-post__thumbnail\"><img decoding=\"async\" width=\"500\" height=\"280\" src=\"https:\/\/albaparts.al\/wp-content\/uploads\/2025\/07\/Pjese-kembimi-kamioni-albaparts-cover.png\" class=\"attachment-full size-full wp-image-806\" alt=\"\" srcset=\"https:\/\/albaparts.al\/wp-content\/uploads\/2025\/07\/Pjese-kembimi-kamioni-albaparts-cover.png 500w, https:\/\/albaparts.al\/wp-content\/uploads\/2025\/07\/Pjese-kembimi-kamioni-albaparts-cover-300x168.png 300w\" sizes=\"(max-width: 500px) 100vw, 500px\" \/><\/div><\/a>\n\t\t\t\t<div class=\"elementor-post__text\">\n\t\t\t\t<h3 class=\"elementor-post__title\">\n\t\t\t<a href=\"https:\/\/albaparts.al\/en\/makinat\/pjese-kembimi-per-kamione\/\" target=\"&quot;_blank&quot;\">\n\t\t\t\tSpare Parts for Trucks\t\t\t<\/a>\n\t\t<\/h3>\n\t\t\n\t\t<a class=\"elementor-post__read-more\" href=\"https:\/\/albaparts.al\/en\/makinat\/pjese-kembimi-per-kamione\/\" aria-label=\"Read more about Pjese Kembimi per Kamione\" tabindex=\"-1\" target=\"_blank\">\n\t\t\tSee Details \u00bb\t\t<\/a>\n\n\t\t\t\t<\/div>\n\t\t\t\t\t<\/div>\n\t\t<\/article>\n\t\t\t\t<\/div>\n\t\t\n\t\t\t\t\t\t<\/div>\n\t\t\t\t<\/div>\n\t\t\t\t\t<\/div>\n\t\t<\/div>\n\t\t\t\t\t<\/div>\n\t\t<\/section>\n\t\t\t\t<section class=\"elementor-section elementor-top-section elementor-element elementor-element-56f959f3 elementor-section-boxed elementor-section-height-default elementor-section-height-default\" data-id=\"56f959f3\" data-element_type=\"section\">\n\t\t\t\t\t\t<div class=\"elementor-container elementor-column-gap-no\">\n\t\t\t\t\t<div class=\"elementor-column elementor-col-100 elementor-top-column elementor-element elementor-element-238f30a0\" data-id=\"238f30a0\" data-element_type=\"column\">\n\t\t\t<div class=\"elementor-widget-wrap elementor-element-populated\">\n\t\t\t\t\t\t<section class=\"elementor-section elementor-inner-section elementor-element elementor-element-2bebb7b8 elementor-section-height-min-height elementor-section-boxed elementor-section-height-default\" data-id=\"2bebb7b8\" data-element_type=\"section\">\n\t\t\t\t\t\t<div class=\"elementor-container elementor-column-gap-default\">\n\t\t\t\t\t<div class=\"elementor-column elementor-col-100 elementor-inner-column elementor-element elementor-element-4b1c474a\" data-id=\"4b1c474a\" data-element_type=\"column\" data-settings=\"{&quot;background_background&quot;:&quot;classic&quot;}\">\n\t\t\t<div class=\"elementor-widget-wrap elementor-element-populated\">\n\t\t\t\t\t\t<div class=\"elementor-element elementor-element-730ae600 elementor-testimonial--align-left elementor-testimonial--tablet-align-left elementor-widget__width-initial elementor-widget-mobile__width-inherit elementor-absolute elementor-testimonial--skin-default elementor-testimonial--layout-image_inline elementor-widget elementor-widget-testimonial-carousel\" data-id=\"730ae600\" data-element_type=\"widget\" data-settings=\"{&quot;slides_per_view&quot;:&quot;1&quot;,&quot;slides_per_view_tablet&quot;:&quot;1&quot;,&quot;slides_per_view_mobile&quot;:&quot;1&quot;,&quot;space_between&quot;:{&quot;unit&quot;:&quot;px&quot;,&quot;size&quot;:25,&quot;sizes&quot;:[]},&quot;space_between_tablet&quot;:{&quot;unit&quot;:&quot;px&quot;,&quot;size&quot;:25,&quot;sizes&quot;:[]},&quot;_position&quot;:&quot;absolute&quot;,&quot;speed&quot;:500,&quot;autoplay&quot;:&quot;yes&quot;,&quot;autoplay_speed&quot;:5000,&quot;loop&quot;:&quot;yes&quot;,&quot;pause_on_hover&quot;:&quot;yes&quot;,&quot;pause_on_interaction&quot;:&quot;yes&quot;,&quot;space_between_mobile&quot;:{&quot;unit&quot;:&quot;px&quot;,&quot;size&quot;:10,&quot;sizes&quot;:[]}}\" data-widget_type=\"testimonial-carousel.default\">\n\t\t\t\t\t\t\t\t\t\t<div class=\"elementor-main-swiper swiper\" role=\"region\" aria-roledescription=\"carousel\" aria-label=\"Slides\">\n\t\t\t\t<div class=\"swiper-wrapper\">\n\t\t\t\t\t\t\t\t\t\t\t<div class=\"swiper-slide\" role=\"group\" aria-roledescription=\"slide\">\n\t\t\t\t\t\t\t\t\t<div class=\"elementor-testimonial\">\n\t\t\t\t\t\t\t<div class=\"elementor-testimonial__content\">\n\t\t\t\t\t<div class=\"elementor-testimonial__text\">\n\t\t\t\t\t\tNe bashk\u00ebpunojm\u00eb me prodhues t\u00eb njohur nd\u00ebrkomb\u00ebtar\u00eb p\u00ebr t\u00eb ofruar pjes\u00eb origjinale dhe aftermarket t\u00eb certifikuara, duke garantuar siguri, efikasitet dhe jet\u00ebgjat\u00ebsi p\u00ebr \u00e7do lloj mjeti.\n\n\t\t\t\t\t<\/div>\n\t\t\t\t\t\t\t\t\t<\/div>\n\t\t\t\t\t\t<div class=\"elementor-testimonial__footer\">\n\t\t\t\t\t\t\t\t<cite class=\"elementor-testimonial__cite\"><span class=\"elementor-testimonial__name\">Choose the right partner for your fleet maintenance! Whether you are a construction company, a transport operator, a professional service, or an individual client \u2013 Alba Parts is your choice for reliable spare parts, delivered on time and at the right price.<\/span><span class=\"elementor-testimonial__title\">Alba Parts SH.P.K<\/span><\/cite>\t\t\t<\/div>\n\t\t<\/div>\n\t\t\t\t\t\t\t\t<\/div>\n\t\t\t\t\t\t\t\t\t<\/div>\n\t\t\t\t\t\t\t<\/div>\n\t\t\t\t\t\t\t\t<\/div>\n\t\t\t\t\t<\/div>\n\t\t<\/div>\n\t\t\t\t\t<\/div>\n\t\t<\/section>\n\t\t\t\t\t<\/div>\n\t\t<\/div>\n\t\t\t\t\t<\/div>\n\t\t<\/section>\n\t\t\t\t<\/div>","protected":false},"excerpt":{"rendered":"<p>Pjese Kemibimi te ndryshme Kamione | Trailer | Autobus Alba Parts shpk \u00ebsht\u00eb nj\u00eb kompani shqiptare me seli n\u00eb Tiran\u00eb, e themeluar n\u00eb vitin 2017,<\/p>","protected":false},"author":1,"featured_media":0,"parent":0,"menu_order":0,"comment_status":"closed","ping_status":"closed","template":"elementor_header_footer","meta":{"footnotes":""},"class_list":["post-210","page","type-page","status-publish","hentry"],"_links":{"self":[{"href":"https:\/\/albaparts.al\/en\/wp-json\/wp\/v2\/pages\/210","targetHints":{"allow":["GET"]}}],"collection":[{"href":"https:\/\/albaparts.al\/en\/wp-json\/wp\/v2\/pages"}],"about":[{"href":"https:\/\/albaparts.al\/en\/wp-json\/wp\/v2\/types\/page"}],"author":[{"embeddable":true,"href":"https:\/\/albaparts.al\/en\/wp-json\/wp\/v2\/users\/1"}],"replies":[{"embeddable":true,"href":"https:\/\/albaparts.al\/en\/wp-json\/wp\/v2\/comments?post=210"}],"version-history":[{"count":98,"href":"https:\/\/albaparts.al\/en\/wp-json\/wp\/v2\/pages\/210\/revisions"}],"predecessor-version":[{"id":847,"href":"https:\/\/albaparts.al\/en\/wp-json\/wp\/v2\/pages\/210\/revisions\/847"}],"wp:attachment":[{"href":"https:\/\/albaparts.al\/en\/wp-json\/wp\/v2\/media?parent=210"}],"curies":[{"name":"wp","href":"https:\/\/api.w.org\/{rel}","templated":true}]}}