{"id":84,"date":"2025-07-15T12:06:18","date_gmt":"2025-07-15T12:06:18","guid":{"rendered":"https:\/\/albaparts.al\/?page_id=84"},"modified":"2025-10-17T17:01:16","modified_gmt":"2025-10-17T17:01:16","slug":"rreth-nesh","status":"publish","type":"page","link":"https:\/\/albaparts.al\/en\/rreth-nesh\/","title":{"rendered":"About Us"},"content":{"rendered":"<div data-elementor-type=\"wp-page\" data-elementor-id=\"84\" class=\"elementor elementor-84\" data-elementor-post-type=\"page\">\n\t\t\t\t\t\t<section class=\"elementor-section elementor-top-section elementor-element elementor-element-5f69cf91 elementor-section-boxed elementor-section-height-default elementor-section-height-default\" data-id=\"5f69cf91\" data-element_type=\"section\" data-settings=\"{&quot;background_background&quot;:&quot;classic&quot;}\">\n\t\t\t\t\t\t\t<div class=\"elementor-background-overlay\"><\/div>\n\t\t\t\t\t\t\t<div class=\"elementor-container elementor-column-gap-default\">\n\t\t\t\t\t<div class=\"elementor-column elementor-col-100 elementor-top-column elementor-element elementor-element-1e887d3\" data-id=\"1e887d3\" data-element_type=\"column\">\n\t\t\t<div class=\"elementor-widget-wrap elementor-element-populated\">\n\t\t\t\t\t\t<div class=\"elementor-element elementor-element-614d6ed8 elementor-invisible elementor-widget elementor-widget-heading\" data-id=\"614d6ed8\" data-element_type=\"widget\" data-settings=\"{&quot;_animation&quot;:&quot;fadeIn&quot;}\" data-widget_type=\"heading.default\">\n\t\t\t\t\t<h2 class=\"elementor-heading-title elementor-size-default\">About Us<\/h2>\t\t\t\t<\/div>\n\t\t\t\t<div class=\"elementor-element elementor-element-c1caa4e elementor-widget elementor-widget-text-editor\" data-id=\"c1caa4e\" data-element_type=\"widget\" data-widget_type=\"text-editor.default\">\n\t\t\t\t\t\t\t\t\t<p data-start=\"165\" data-end=\"384\"><strong data-start=\"165\" data-end=\"184\">Alba Parts shpk<\/strong> is an Albanian company headquartered in Tirana, founded in 2017, with the mission of bringing a new standard to the spare parts market for <strong data-start=\"340\" data-end=\"383\">heavy vehicles and transport vehicles.<\/strong>.<\/p><p data-start=\"386\" data-end=\"652\">Built on a strong foundation of professionalism and many years of experience in this industry, <strong data-start=\"482\" data-end=\"496\">Alba Parts<\/strong> it has today become a reference point for hundreds of businesses and individual clients seeking <strong data-start=\"590\" data-end=\"651\">high-quality, guaranteed products at competitive prices<\/strong>.<\/p>\t\t\t\t\t\t\t\t<\/div>\n\t\t\t\t\t<\/div>\n\t\t<\/div>\n\t\t\t\t\t<\/div>\n\t\t<\/section>\n\t\t\t\t<section class=\"elementor-section elementor-top-section elementor-element elementor-element-4f855543 elementor-reverse-tablet elementor-reverse-mobile elementor-section-boxed elementor-section-height-default elementor-section-height-default\" data-id=\"4f855543\" data-element_type=\"section\">\n\t\t\t\t\t\t<div class=\"elementor-container elementor-column-gap-default\">\n\t\t\t\t\t<div class=\"elementor-column elementor-col-50 elementor-top-column elementor-element elementor-element-2f3f1dda\" data-id=\"2f3f1dda\" data-element_type=\"column\">\n\t\t\t<div class=\"elementor-widget-wrap elementor-element-populated\">\n\t\t\t\t\t\t<div class=\"elementor-element elementor-element-5050877e elementor-widget__width-auto elementor-widget-tablet__width-auto elementor-widget-mobile__width-initial elementor-absolute elementor-invisible elementor-widget elementor-widget-counter\" data-id=\"5050877e\" data-element_type=\"widget\" data-settings=\"{&quot;_position&quot;:&quot;absolute&quot;,&quot;_animation&quot;:&quot;fadeInDown&quot;}\" data-widget_type=\"counter.default\">\n\t\t\t\t\t\t\t<div class=\"elementor-counter\">\n\t\t\t<div class=\"elementor-counter-title\">Years of Experience<\/div>\t\t\t<div class=\"elementor-counter-number-wrapper\">\n\t\t\t\t<span class=\"elementor-counter-number-prefix\"><\/span>\n\t\t\t\t<span class=\"elementor-counter-number\" data-duration=\"2000\" data-to-value=\"5\" data-from-value=\"0\" data-delimiter=\",\">0<\/span>\n\t\t\t\t<span class=\"elementor-counter-number-suffix\">+<\/span>\n\t\t\t<\/div>\n\t\t<\/div>\n\t\t\t\t\t\t<\/div>\n\t\t\t\t<div class=\"elementor-element elementor-element-47571eb elementor-invisible elementor-widget elementor-widget-image\" data-id=\"47571eb\" data-element_type=\"widget\" data-settings=\"{&quot;_animation&quot;:&quot;fadeInLeft&quot;}\" data-widget_type=\"image.default\">\n\t\t\t\t\t\t\t\t\t\t\t\t\t\t\t<img fetchpriority=\"high\" decoding=\"async\" width=\"500\" height=\"280\" src=\"https:\/\/albaparts.al\/wp-content\/uploads\/2025\/07\/Pjese-kembimi-kamioni-albaparts-cover.png\" class=\"attachment-full size-full wp-image-806\" alt=\"\" srcset=\"https:\/\/albaparts.al\/wp-content\/uploads\/2025\/07\/Pjese-kembimi-kamioni-albaparts-cover.png 500w, https:\/\/albaparts.al\/wp-content\/uploads\/2025\/07\/Pjese-kembimi-kamioni-albaparts-cover-300x168.png 300w\" sizes=\"(max-width: 500px) 100vw, 500px\" \/>\t\t\t\t\t\t\t\t\t\t\t\t\t\t\t<\/div>\n\t\t\t\t\t<\/div>\n\t\t<\/div>\n\t\t\t\t<div class=\"elementor-column elementor-col-50 elementor-top-column elementor-element elementor-element-3d5f20e2\" data-id=\"3d5f20e2\" data-element_type=\"column\">\n\t\t\t<div class=\"elementor-widget-wrap elementor-element-populated\">\n\t\t\t\t\t\t<div class=\"elementor-element elementor-element-6cc3ab67 elementor-invisible elementor-widget elementor-widget-heading\" data-id=\"6cc3ab67\" data-element_type=\"widget\" data-settings=\"{&quot;_animation&quot;:&quot;fadeIn&quot;}\" data-widget_type=\"heading.default\">\n\t\t\t\t\t<h2 class=\"elementor-heading-title elementor-size-default\">What We Offer?<\/h2>\t\t\t\t<\/div>\n\t\t\t\t<div class=\"elementor-element elementor-element-79c0b1a8 elementor-widget elementor-widget-text-editor\" data-id=\"79c0b1a8\" data-element_type=\"widget\" data-widget_type=\"text-editor.default\">\n\t\t\t\t\t\t\t\t\t<p style=\"text-align: left;\" data-start=\"677\" data-end=\"727\">We specialize in supplying spare parts for:<\/p><ul data-start=\"728\" data-end=\"829\"><li data-start=\"728\" data-end=\"739\"><p data-start=\"730\" data-end=\"739\">Trucks<\/p><\/li><li data-start=\"740\" data-end=\"752\"><p data-start=\"742\" data-end=\"752\">Trailers<\/p><\/li><li data-start=\"753\" data-end=\"765\"><p data-start=\"755\" data-end=\"765\">Buses<\/p><\/li><li data-start=\"766\" data-end=\"787\"><p data-start=\"768\" data-end=\"787\">Construction machinery<\/p><\/li><li data-start=\"788\" data-end=\"829\"><p data-start=\"790\" data-end=\"829\">Tires for heavy-duty vehicles and passenger cars<\/p><\/li><\/ul><p data-start=\"831\" data-end=\"984\">Our range includes both <strong data-start=\"853\" data-end=\"873\">original parts<\/strong> as well as <strong data-start=\"885\" data-end=\"928\">certified aftermarket alternatives<\/strong>from the most well-known international brands in this sector.<\/p>\t\t\t\t\t\t\t\t<\/div>\n\t\t\t\t<div class=\"elementor-element elementor-element-37b302bb elementor-widget elementor-widget-button\" data-id=\"37b302bb\" data-element_type=\"widget\" data-widget_type=\"button.default\">\n\t\t\t\t\t\t\t\t\t\t<a class=\"elementor-button elementor-button-link elementor-size-sm\" href=\"\/en\/kontakt\/\">\n\t\t\t\t\t\t<span class=\"elementor-button-content-wrapper\">\n\t\t\t\t\t\t\t\t\t<span class=\"elementor-button-text\">Contact Us<\/span>\n\t\t\t\t\t<\/span>\n\t\t\t\t\t<\/a>\n\t\t\t\t\t\t\t\t<\/div>\n\t\t\t\t\t<\/div>\n\t\t<\/div>\n\t\t\t\t\t<\/div>\n\t\t<\/section>\n\t\t\t\t<section class=\"elementor-section elementor-top-section elementor-element elementor-element-616352de elementor-section-boxed elementor-section-height-default elementor-section-height-default\" data-id=\"616352de\" data-element_type=\"section\" data-settings=\"{&quot;background_background&quot;:&quot;classic&quot;}\">\n\t\t\t\t\t\t\t<div class=\"elementor-background-overlay\"><\/div>\n\t\t\t\t\t\t\t<div class=\"elementor-container elementor-column-gap-no\">\n\t\t\t\t\t<div class=\"elementor-column elementor-col-100 elementor-top-column elementor-element elementor-element-430f73a8\" data-id=\"430f73a8\" data-element_type=\"column\" data-settings=\"{&quot;background_background&quot;:&quot;slideshow&quot;,&quot;background_slideshow_gallery&quot;:[{&quot;id&quot;:802,&quot;url&quot;:&quot;https:\\\/\\\/albaparts.al\\\/wp-content\\\/uploads\\\/2025\\\/07\\\/Pjese-kembimi-per-autobuzetirane-albaparts-cover.png&quot;},{&quot;id&quot;:795,&quot;url&quot;:&quot;https:\\\/\\\/albaparts.al\\\/wp-content\\\/uploads\\\/2025\\\/07\\\/Goma-te-ndryshme-per-makineri-te-renda-tirane.jpg&quot;},{&quot;id&quot;:810,&quot;url&quot;:&quot;https:\\\/\\\/albaparts.al\\\/wp-content\\\/uploads\\\/2025\\\/07\\\/Pjese-kembimi-per-trailer-tirane.png&quot;},{&quot;id&quot;:806,&quot;url&quot;:&quot;https:\\\/\\\/albaparts.al\\\/wp-content\\\/uploads\\\/2025\\\/07\\\/Pjese-kembimi-kamioni-albaparts-cover.png&quot;}],&quot;background_slideshow_loop&quot;:&quot;yes&quot;,&quot;background_slideshow_slide_duration&quot;:5000,&quot;background_slideshow_slide_transition&quot;:&quot;fade&quot;,&quot;background_slideshow_transition_duration&quot;:500}\">\n\t\t\t<div class=\"elementor-widget-wrap elementor-element-populated\">\n\t\t\t\t\t\t<section class=\"elementor-section elementor-inner-section elementor-element elementor-element-43ed536a elementor-section-boxed elementor-section-height-default elementor-section-height-default\" data-id=\"43ed536a\" data-element_type=\"section\">\n\t\t\t\t\t\t<div class=\"elementor-container elementor-column-gap-default\">\n\t\t\t\t\t<div class=\"elementor-column elementor-col-100 elementor-inner-column elementor-element elementor-element-42a146ce\" data-id=\"42a146ce\" data-element_type=\"column\" data-settings=\"{&quot;background_background&quot;:&quot;classic&quot;}\">\n\t\t\t<div class=\"elementor-widget-wrap elementor-element-populated\">\n\t\t\t\t\t\t<div class=\"elementor-element elementor-element-27064b25 elementor-widget elementor-widget-heading\" data-id=\"27064b25\" data-element_type=\"widget\" data-settings=\"{&quot;_animation&quot;:&quot;none&quot;}\" data-widget_type=\"heading.default\">\n\t\t\t\t\t<h2 class=\"elementor-heading-title elementor-size-default\">Our Values<\/h2>\t\t\t\t<\/div>\n\t\t\t\t<div class=\"elementor-element elementor-element-965a1bd elementor-widget elementor-widget-text-editor\" data-id=\"965a1bd\" data-element_type=\"widget\" data-widget_type=\"text-editor.default\">\n\t\t\t\t\t\t\t\t\t<ul><li data-start=\"2284\" data-end=\"2338\"><p data-start=\"2286\" data-end=\"2338\"><strong data-start=\"1009\" data-end=\"1035\">Quality Above All:<\/strong> We work only with products that meet high-quality standards.<\/p><\/li><li data-start=\"2339\" data-end=\"2422\"><p data-start=\"2341\" data-end=\"2422\"><strong data-start=\"1107\" data-end=\"1138\">Reliability and Integrity<\/strong> Relationships with clients are built on transparency and commitment.<\/p><\/li><li data-start=\"2423\" data-end=\"2510\"><p data-start=\"2425\" data-end=\"2510\"><strong data-start=\"1211\" data-end=\"1234\">Dedicated Service:<\/strong> We handle every request with care and efficiency, providing full support before and after the sale.<\/p><\/li><\/ul>\t\t\t\t\t\t\t\t<\/div>\n\t\t\t\t<div class=\"elementor-element elementor-element-335e5d48 elementor-position-inline-start elementor-mobile-position-inline-start elementor-view-default elementor-invisible elementor-widget elementor-widget-icon-box\" data-id=\"335e5d48\" data-element_type=\"widget\" data-settings=\"{&quot;_animation&quot;:&quot;fadeInUp&quot;}\" data-widget_type=\"icon-box.default\">\n\t\t\t\t\t\t\t<div class=\"elementor-icon-box-wrapper\">\n\n\t\t\t\t\t\t<div class=\"elementor-icon-box-icon\">\n\t\t\t\t<span  class=\"elementor-icon\">\n\t\t\t\t<i aria-hidden=\"true\" class=\"mdi mdi-lightbulb-on\"><\/i>\t\t\t\t<\/span>\n\t\t\t<\/div>\n\t\t\t\n\t\t\t\t\t\t<div class=\"elementor-icon-box-content\">\n\n\t\t\t\t\t\t\t\t\t<div class=\"elementor-icon-box-title\">\n\t\t\t\t\t\t<span  >\n\t\t\t\t\t\t\tOur Purpose\t\t\t\t\t\t<\/span>\n\t\t\t\t\t<\/div>\n\t\t\t\t\n\t\t\t\t\t\t\t\t\t<p class=\"elementor-icon-box-description\">\n\t\t\t\t\t\tTo be the first choice for every heavy vehicle need in Albania and beyond, providing reliable, fast, and long-term value solutions.\n\n\t\t\t\t\t<\/p>\n\t\t\t\t\n\t\t\t<\/div>\n\t\t\t\n\t\t<\/div>\n\t\t\t\t\t\t<\/div>\n\t\t\t\t<div class=\"elementor-element elementor-element-3fcd44e8 elementor-position-inline-start elementor-mobile-position-inline-start elementor-view-default elementor-invisible elementor-widget elementor-widget-icon-box\" data-id=\"3fcd44e8\" data-element_type=\"widget\" data-settings=\"{&quot;_animation&quot;:&quot;fadeInUp&quot;}\" data-widget_type=\"icon-box.default\">\n\t\t\t\t\t\t\t<div class=\"elementor-icon-box-wrapper\">\n\n\t\t\t\t\t\t<div class=\"elementor-icon-box-icon\">\n\t\t\t\t<span  class=\"elementor-icon\">\n\t\t\t\t<i aria-hidden=\"true\" class=\"mdi mdi-car-electric\"><\/i>\t\t\t\t<\/span>\n\t\t\t<\/div>\n\t\t\t\n\t\t\t\t\t\t<div class=\"elementor-icon-box-content\">\n\n\t\t\t\t\t\t\t\t\t<div class=\"elementor-icon-box-title\">\n\t\t\t\t\t\t<span  >\n\t\t\t\t\t\t\tWho We Serve\t\t\t\t\t\t<\/span>\n\t\t\t\t\t<\/div>\n\t\t\t\t\n\t\t\t\t\t\t\t\t\t<p class=\"elementor-icon-box-description\">\n\t\t\t\t\t\tConstruction and transport companies\n\nUrban operators\n\nHeavy vehicle service centers\n\nLogistics and commercial businesses\n\nIndividual clients\t\t\t\t\t<\/p>\n\t\t\t\t\n\t\t\t<\/div>\n\t\t\t\n\t\t<\/div>\n\t\t\t\t\t\t<\/div>\n\t\t\t\t\t<\/div>\n\t\t<\/div>\n\t\t\t\t\t<\/div>\n\t\t<\/section>\n\t\t\t\t\t<\/div>\n\t\t<\/div>\n\t\t\t\t\t<\/div>\n\t\t<\/section>\n\t\t\t\t<\/div>","protected":false},"excerpt":{"rendered":"<p>Rreth Nesh Alba Parts shpk \u00ebsht\u00eb nj\u00eb kompani shqiptare me seli n\u00eb Tiran\u00eb, e themeluar n\u00eb vitin 2017, me misionin p\u00ebr t\u00eb sjell\u00eb nj\u00eb standard t\u00eb ri n\u00eb tregun e pjes\u00ebve t\u00eb k\u00ebmbimit p\u00ebr mjete t\u00eb r\u00ebnda dhe automjete transporti. E nd\u00ebrtuar mbi nj\u00eb baz\u00eb t\u00eb fort\u00eb profesionalizmi dhe eksperience shum\u00ebvje\u00e7are n\u00eb k\u00ebt\u00eb industri, Alba [&hellip;]<\/p>","protected":false},"author":1,"featured_media":0,"parent":0,"menu_order":0,"comment_status":"closed","ping_status":"closed","template":"elementor_header_footer","meta":{"footnotes":""},"class_list":["post-84","page","type-page","status-publish","hentry"],"_links":{"self":[{"href":"https:\/\/albaparts.al\/en\/wp-json\/wp\/v2\/pages\/84","targetHints":{"allow":["GET"]}}],"collection":[{"href":"https:\/\/albaparts.al\/en\/wp-json\/wp\/v2\/pages"}],"about":[{"href":"https:\/\/albaparts.al\/en\/wp-json\/wp\/v2\/types\/page"}],"author":[{"embeddable":true,"href":"https:\/\/albaparts.al\/en\/wp-json\/wp\/v2\/users\/1"}],"replies":[{"embeddable":true,"href":"https:\/\/albaparts.al\/en\/wp-json\/wp\/v2\/comments?post=84"}],"version-history":[{"count":82,"href":"https:\/\/albaparts.al\/en\/wp-json\/wp\/v2\/pages\/84\/revisions"}],"predecessor-version":[{"id":877,"href":"https:\/\/albaparts.al\/en\/wp-json\/wp\/v2\/pages\/84\/revisions\/877"}],"wp:attachment":[{"href":"https:\/\/albaparts.al\/en\/wp-json\/wp\/v2\/media?parent=84"}],"curies":[{"name":"wp","href":"https:\/\/api.w.org\/{rel}","templated":true}]}}